{"id":670,"date":"2024-02-15T10:37:02","date_gmt":"2024-02-15T10:37:02","guid":{"rendered":"https:\/\/emeracollective.com\/?page_id=670"},"modified":"2024-02-15T10:53:16","modified_gmt":"2024-02-15T10:53:16","slug":"aviso-legal","status":"publish","type":"page","link":"https:\/\/emeracollective.com\/es\/aviso-legal\/","title":{"rendered":"Aviso Legal"},"content":{"rendered":"\t\t<div data-elementor-type=\"wp-page\" data-elementor-id=\"670\" class=\"elementor elementor-670\" data-elementor-post-type=\"page\">\n\t\t\t\t<div class=\"elementor-element elementor-element-8ee4f3e e-flex e-con-boxed e-con e-parent\" data-id=\"8ee4f3e\" data-element_type=\"container\" data-e-type=\"container\">\n\t\t\t\t\t<div class=\"e-con-inner\">\n\t\t\t\t<div class=\"elementor-element elementor-element-d720050 elementor-widget elementor-widget-text-editor\" data-id=\"d720050\" data-element_type=\"widget\" data-e-type=\"widget\" data-widget_type=\"text-editor.default\">\n\t\t\t\t<div class=\"elementor-widget-container\">\n\t\t\t\t\t\t\t\t\t<div class=\"shopify-policy__title\"><div class=\"relative py-2 px-8 bg-white\"><div class=\"group w-full @3xl\/cs:mx-auto max-w-[720px]\"><div id=\"5746ac84-fab3-4127-9236-3c0c3b77179e\" class=\"flex-col @3xl\/cs:flex w-full gap-1\"><div class=\"grow flex flex-col min-w-[0] @3xl\/cs:ml-8 mt-2 @3xl\/cs:mt-0\"><div class=\"prose prose-strong:font-semibold prose-ul:my-2 prose-li:my-0 prose-p:my-2 prose-headings:text-xl prose-headings:mb-4 prose-headings:mt-2 prose-headings:font-semibold prose-table:break-words prose-th:align-top css-2t6kec\"><div class=\"chatsonic with-pre-wrap\"><h1>Aviso legal<\/h1><p>Bienvenido a Emeracollective. A continuaci\u00f3n, se detallan los t\u00e9rminos y condiciones que rigen el uso de nuestro sitio web.<\/p><h3>Informaci\u00f3n general<\/h3><p><strong>Empresa<\/strong>: Emeracollective<\/p><p><strong>Correo electr\u00f3nico<\/strong>: info@emeracollective.com<\/p><h3>Propiedad intelectual e industrial<\/h3><p>El contenido de este sitio web, incluyendo textos, im\u00e1genes, logotipos, gr\u00e1ficos, v\u00eddeos, etc., est\u00e1 protegido por las leyes de propiedad intelectual e industrial. Cualquier uso no autorizado de dicho contenido puede constituir una violaci\u00f3n de dichas leyes.<\/p><h3>Pol\u00edtica de privacidad<\/h3><p>Todos los datos personales recopilados a trav\u00e9s de este sitio web se tratan de acuerdo con nuestra pol\u00edtica de privacidad, la cual puedes consultar en <a href=\"https:\/\/emeracollective.com\/politica-de-privacidad\/?preview_id=681&amp;preview_nonce=bfe1a76508&amp;preview=true\">la pol\u00edtica de privacidad.<\/a><\/p><h3>Limitaci\u00f3n de responsabilidad<\/h3><ul><li>El uso de la informaci\u00f3n y los servicios ofrecidos en este sitio web se realiza bajo la responsabilidad del usuario.<\/li><li>No nos hacemos responsables de los da\u00f1os que puedan derivarse del uso de este sitio web.<\/li><\/ul><h3>Ley aplicable y jurisdicci\u00f3n<\/h3><p>Estos t\u00e9rminos y condiciones se rigen por la legislaci\u00f3n de Espa\u00f1a y cualquier disputa relacionada con este sitio web se someter\u00e1 a la jurisdicci\u00f3n de los tribunales de Madrid.<\/p><h3>Contacto<\/h3><p>Si tienes alguna pregunta sobre este aviso legal, puedes ponerte en contacto con nosotros a trav\u00e9s de la direcci\u00f3n de correo electr\u00f3nico info@emeracollective.com.<\/p><\/div><\/div><div class=\"mt-3 mb-5\"><div class=\"w-full\"><div class=\"flex w-full justify-between items-center\"><div class=\"flex items-center gap-3\">\u00a0<\/div><\/div><div class=\"flex items-center gap-3\">\u00a0<\/div><\/div><\/div><\/div><\/div><\/div><\/div><div class=\"max-w-[720px] mx-auto px-4 @3xl\/cs:pl-8 @3xl\/cs:pr-0\">\u00a0<\/div><\/div>\t\t\t\t\t\t\t\t<\/div>\n\t\t\t\t<\/div>\n\t\t\t\t\t<\/div>\n\t\t\t\t<\/div>\n\t\t\t\t<\/div>\n\t\t","protected":false},"excerpt":{"rendered":"<p>Aviso legal Bienvenido a Emeracollective. A continuaci\u00f3n, se detallan los t\u00e9rminos y condiciones que rigen el uso de nuestro sitio web. Informaci\u00f3n general Empresa: Emeracollective Correo electr\u00f3nico: info@emeracollective.com Propiedad intelectual e industrial El contenido de este sitio web, incluyendo textos, im\u00e1genes, logotipos, gr\u00e1ficos, v\u00eddeos, etc., est\u00e1 protegido por las leyes de propiedad intelectual e industrial. [&hellip;]<\/p>\n","protected":false},"author":1,"featured_media":0,"parent":0,"menu_order":0,"comment_status":"closed","ping_status":"closed","template":"","meta":{"_monsterinsights_skip_tracking":false,"_monsterinsights_sitenote_active":false,"_monsterinsights_sitenote_note":"","_monsterinsights_sitenote_category":0,"site-sidebar-layout":"no-sidebar","site-content-layout":"page-builder","ast-site-content-layout":"full-width-container","site-content-style":"default","site-sidebar-style":"default","ast-global-header-display":"","ast-banner-title-visibility":"","ast-main-header-display":"","ast-hfb-above-header-display":"","ast-hfb-below-header-display":"","ast-hfb-mobile-header-display":"","site-post-title":"disabled","ast-breadcrumbs-content":"","ast-featured-img":"disabled","footer-sml-layout":"","ast-disable-related-posts":"","theme-transparent-header-meta":"","adv-header-id-meta":"","stick-header-meta":"","header-above-stick-meta":"","header-main-stick-meta":"","header-below-stick-meta":"","astra-migrate-meta-layouts":"set","ast-page-background-enabled":"default","ast-page-background-meta":{"desktop":{"background-color":"var(--ast-global-color-4)","background-image":"","background-repeat":"repeat","background-position":"center center","background-size":"auto","background-attachment":"scroll","background-type":"","background-media":"","overlay-type":"","overlay-color":"","overlay-opacity":"","overlay-gradient":""},"tablet":{"background-color":"","background-image":"","background-repeat":"repeat","background-position":"center center","background-size":"auto","background-attachment":"scroll","background-type":"","background-media":"","overlay-type":"","overlay-color":"","overlay-opacity":"","overlay-gradient":""},"mobile":{"background-color":"","background-image":"","background-repeat":"repeat","background-position":"center center","background-size":"auto","background-attachment":"scroll","background-type":"","background-media":"","overlay-type":"","overlay-color":"","overlay-opacity":"","overlay-gradient":""}},"ast-content-background-meta":{"desktop":{"background-color":"var(--ast-global-color-5)","background-image":"","background-repeat":"repeat","background-position":"center center","background-size":"auto","background-attachment":"scroll","background-type":"","background-media":"","overlay-type":"","overlay-color":"","overlay-opacity":"","overlay-gradient":""},"tablet":{"background-color":"var(--ast-global-color-5)","background-image":"","background-repeat":"repeat","background-position":"center center","background-size":"auto","background-attachment":"scroll","background-type":"","background-media":"","overlay-type":"","overlay-color":"","overlay-opacity":"","overlay-gradient":""},"mobile":{"background-color":"var(--ast-global-color-5)","background-image":"","background-repeat":"repeat","background-position":"center center","background-size":"auto","background-attachment":"scroll","background-type":"","background-media":"","overlay-type":"","overlay-color":"","overlay-opacity":"","overlay-gradient":""}},"footnotes":""},"class_list":["post-670","page","type-page","status-publish","hentry"],"yoast_head":"<!-- This site is optimized with the Yoast SEO plugin v27.4 - https:\/\/yoast.com\/product\/yoast-seo-wordpress\/ -->\n<title>Aviso Legal - Emeracollective<\/title>\n<meta name=\"robots\" content=\"index, follow, max-snippet:-1, max-image-preview:large, max-video-preview:-1\" \/>\n<link rel=\"canonical\" href=\"https:\/\/emeracollective.com\/es\/aviso-legal\/\" \/>\n<meta property=\"og:locale\" content=\"es_ES\" \/>\n<meta property=\"og:type\" content=\"article\" \/>\n<meta property=\"og:title\" content=\"Aviso Legal - Emeracollective\" \/>\n<meta property=\"og:description\" content=\"Aviso legal Bienvenido a Emeracollective. A continuaci\u00f3n, se detallan los t\u00e9rminos y condiciones que rigen el uso de nuestro sitio web. Informaci\u00f3n general Empresa: Emeracollective Correo electr\u00f3nico: info@emeracollective.com Propiedad intelectual e industrial El contenido de este sitio web, incluyendo textos, im\u00e1genes, logotipos, gr\u00e1ficos, v\u00eddeos, etc., est\u00e1 protegido por las leyes de propiedad intelectual e industrial. [&hellip;]\" \/>\n<meta property=\"og:url\" content=\"https:\/\/emeracollective.com\/es\/aviso-legal\/\" \/>\n<meta property=\"og:site_name\" content=\"Emeracollective\" \/>\n<meta property=\"article:modified_time\" content=\"2024-02-15T10:53:16+00:00\" \/>\n<meta name=\"twitter:card\" content=\"summary_large_image\" \/>\n<meta name=\"twitter:label1\" content=\"Tiempo de lectura\" \/>\n\t<meta name=\"twitter:data1\" content=\"1 minuto\" \/>\n<script type=\"application\/ld+json\" class=\"yoast-schema-graph\">{\"@context\":\"https:\\\/\\\/schema.org\",\"@graph\":[{\"@type\":\"WebPage\",\"@id\":\"https:\\\/\\\/emeracollective.com\\\/aviso-legal\\\/\",\"url\":\"https:\\\/\\\/emeracollective.com\\\/aviso-legal\\\/\",\"name\":\"Aviso Legal - Emeracollective\",\"isPartOf\":{\"@id\":\"https:\\\/\\\/emeracollective.com\\\/#website\"},\"datePublished\":\"2024-02-15T10:37:02+00:00\",\"dateModified\":\"2024-02-15T10:53:16+00:00\",\"breadcrumb\":{\"@id\":\"https:\\\/\\\/emeracollective.com\\\/aviso-legal\\\/#breadcrumb\"},\"inLanguage\":\"es\",\"potentialAction\":[{\"@type\":\"ReadAction\",\"target\":[\"https:\\\/\\\/emeracollective.com\\\/aviso-legal\\\/\"]}]},{\"@type\":\"BreadcrumbList\",\"@id\":\"https:\\\/\\\/emeracollective.com\\\/aviso-legal\\\/#breadcrumb\",\"itemListElement\":[{\"@type\":\"ListItem\",\"position\":1,\"name\":\"Home\",\"item\":\"https:\\\/\\\/emeracollective.com\\\/\"},{\"@type\":\"ListItem\",\"position\":2,\"name\":\"Aviso Legal\"}]},{\"@type\":\"WebSite\",\"@id\":\"https:\\\/\\\/emeracollective.com\\\/#website\",\"url\":\"https:\\\/\\\/emeracollective.com\\\/\",\"name\":\"Emeracollective\",\"description\":\"EMERACOLLECTIVE\",\"publisher\":{\"@id\":\"https:\\\/\\\/emeracollective.com\\\/#organization\"},\"potentialAction\":[{\"@type\":\"SearchAction\",\"target\":{\"@type\":\"EntryPoint\",\"urlTemplate\":\"https:\\\/\\\/emeracollective.com\\\/?s={search_term_string}\"},\"query-input\":{\"@type\":\"PropertyValueSpecification\",\"valueRequired\":true,\"valueName\":\"search_term_string\"}}],\"inLanguage\":\"es\"},{\"@type\":\"Organization\",\"@id\":\"https:\\\/\\\/emeracollective.com\\\/#organization\",\"name\":\"Emeracollective\",\"url\":\"https:\\\/\\\/emeracollective.com\\\/\",\"logo\":{\"@type\":\"ImageObject\",\"inLanguage\":\"es\",\"@id\":\"https:\\\/\\\/emeracollective.com\\\/#\\\/schema\\\/logo\\\/image\\\/\",\"url\":\"https:\\\/\\\/emeracollective.com\\\/wp-content\\\/uploads\\\/2024\\\/02\\\/cropped-Captura_de_pantalla_2024-02-13_a_las_18.40.47-removebg-preview.png\",\"contentUrl\":\"https:\\\/\\\/emeracollective.com\\\/wp-content\\\/uploads\\\/2024\\\/02\\\/cropped-Captura_de_pantalla_2024-02-13_a_las_18.40.47-removebg-preview.png\",\"width\":1140,\"height\":158,\"caption\":\"Emeracollective\"},\"image\":{\"@id\":\"https:\\\/\\\/emeracollective.com\\\/#\\\/schema\\\/logo\\\/image\\\/\"}}]}<\/script>\n<!-- \/ Yoast SEO plugin. -->","yoast_head_json":{"title":"Aviso Legal - Emeracollective","robots":{"index":"index","follow":"follow","max-snippet":"max-snippet:-1","max-image-preview":"max-image-preview:large","max-video-preview":"max-video-preview:-1"},"canonical":"https:\/\/emeracollective.com\/es\/aviso-legal\/","og_locale":"es_ES","og_type":"article","og_title":"Aviso Legal - Emeracollective","og_description":"Aviso legal Bienvenido a Emeracollective. A continuaci\u00f3n, se detallan los t\u00e9rminos y condiciones que rigen el uso de nuestro sitio web. Informaci\u00f3n general Empresa: Emeracollective Correo electr\u00f3nico: info@emeracollective.com Propiedad intelectual e industrial El contenido de este sitio web, incluyendo textos, im\u00e1genes, logotipos, gr\u00e1ficos, v\u00eddeos, etc., est\u00e1 protegido por las leyes de propiedad intelectual e industrial. [&hellip;]","og_url":"https:\/\/emeracollective.com\/es\/aviso-legal\/","og_site_name":"Emeracollective","article_modified_time":"2024-02-15T10:53:16+00:00","twitter_card":"summary_large_image","twitter_misc":{"Tiempo de lectura":"1 minuto"},"schema":{"@context":"https:\/\/schema.org","@graph":[{"@type":"WebPage","@id":"https:\/\/emeracollective.com\/aviso-legal\/","url":"https:\/\/emeracollective.com\/aviso-legal\/","name":"Aviso Legal - Emeracollective","isPartOf":{"@id":"https:\/\/emeracollective.com\/#website"},"datePublished":"2024-02-15T10:37:02+00:00","dateModified":"2024-02-15T10:53:16+00:00","breadcrumb":{"@id":"https:\/\/emeracollective.com\/aviso-legal\/#breadcrumb"},"inLanguage":"es","potentialAction":[{"@type":"ReadAction","target":["https:\/\/emeracollective.com\/aviso-legal\/"]}]},{"@type":"BreadcrumbList","@id":"https:\/\/emeracollective.com\/aviso-legal\/#breadcrumb","itemListElement":[{"@type":"ListItem","position":1,"name":"Home","item":"https:\/\/emeracollective.com\/"},{"@type":"ListItem","position":2,"name":"Aviso Legal"}]},{"@type":"WebSite","@id":"https:\/\/emeracollective.com\/#website","url":"https:\/\/emeracollective.com\/","name":"Emeracollective","description":"EMERACOLLECTIVE","publisher":{"@id":"https:\/\/emeracollective.com\/#organization"},"potentialAction":[{"@type":"SearchAction","target":{"@type":"EntryPoint","urlTemplate":"https:\/\/emeracollective.com\/?s={search_term_string}"},"query-input":{"@type":"PropertyValueSpecification","valueRequired":true,"valueName":"search_term_string"}}],"inLanguage":"es"},{"@type":"Organization","@id":"https:\/\/emeracollective.com\/#organization","name":"Emeracollective","url":"https:\/\/emeracollective.com\/","logo":{"@type":"ImageObject","inLanguage":"es","@id":"https:\/\/emeracollective.com\/#\/schema\/logo\/image\/","url":"https:\/\/emeracollective.com\/wp-content\/uploads\/2024\/02\/cropped-Captura_de_pantalla_2024-02-13_a_las_18.40.47-removebg-preview.png","contentUrl":"https:\/\/emeracollective.com\/wp-content\/uploads\/2024\/02\/cropped-Captura_de_pantalla_2024-02-13_a_las_18.40.47-removebg-preview.png","width":1140,"height":158,"caption":"Emeracollective"},"image":{"@id":"https:\/\/emeracollective.com\/#\/schema\/logo\/image\/"}}]}},"_links":{"self":[{"href":"https:\/\/emeracollective.com\/es\/wp-json\/wp\/v2\/pages\/670","targetHints":{"allow":["GET"]}}],"collection":[{"href":"https:\/\/emeracollective.com\/es\/wp-json\/wp\/v2\/pages"}],"about":[{"href":"https:\/\/emeracollective.com\/es\/wp-json\/wp\/v2\/types\/page"}],"author":[{"embeddable":true,"href":"https:\/\/emeracollective.com\/es\/wp-json\/wp\/v2\/users\/1"}],"replies":[{"embeddable":true,"href":"https:\/\/emeracollective.com\/es\/wp-json\/wp\/v2\/comments?post=670"}],"version-history":[{"count":14,"href":"https:\/\/emeracollective.com\/es\/wp-json\/wp\/v2\/pages\/670\/revisions"}],"predecessor-version":[{"id":695,"href":"https:\/\/emeracollective.com\/es\/wp-json\/wp\/v2\/pages\/670\/revisions\/695"}],"wp:attachment":[{"href":"https:\/\/emeracollective.com\/es\/wp-json\/wp\/v2\/media?parent=670"}],"curies":[{"name":"wp","href":"https:\/\/api.w.org\/{rel}","templated":true}]}}